{"id":19,"date":"2021-01-04T14:11:11","date_gmt":"2021-01-04T13:11:11","guid":{"rendered":"http:\/\/ppntarnow.pl\/?page_id=19"},"modified":"2025-09-04T12:22:36","modified_gmt":"2025-09-04T10:22:36","slug":"kontakt","status":"publish","type":"page","link":"https:\/\/ppntarnow.pl\/index.php\/kontakt\/","title":{"rendered":"KONTAKT"},"content":{"rendered":"\n<h2 class=\"wp-block-heading\" style=\"font-size:28px\">Ma\u0142opolski Zwi\u0105zek Pi\u0142ki No\u017cnej Podokr\u0119g w Tarnowie<\/h2>\n\n\n\n<p class=\"has-black-color has-text-color\" style=\"font-size:17px\">ul. Szkotnik 2B<br>33-100 Tarn\u00f3w<br>NIP: 873-327-45-88<br>REGON: 00118816400138<\/p>\n\n\n\n<p class=\"has-black-color has-text-color\" style=\"font-size:17px\"><br><strong>Rachunek bankowy:&nbsp;<\/strong><br>14 1240 1910 1111 0010 9713 4548<\/p>\n\n\n\n<p class=\"has-grey-color has-text-color\" style=\"font-size:17px\">tylko wp\u0142aty na delegacje s\u0119dzi\u00f3w:<br>42 1600 1462 1891 5702 4000 0001<\/p>\n\n\n\n<h3 class=\"wp-block-heading\">Nasze biuro jest czynne w godzinach:<\/h3>\n\n\n\n<p class=\"has-black-color has-text-color\" style=\"font-size:17px\">10:00 &#8211; 13:00 &#8211; \u015broda <\/p>\n\n\n\n<p class=\"has-black-color has-text-color\" style=\"font-size:17px\"><strong>Telefon:<\/strong><br>Kom\u00f3rka: <strong>+48 660 756 419<\/strong>, w poni\u017cszych godzinach:<\/p>\n\n\n\n<p class=\"has-black-color has-text-color has-link-color wp-elements-2a7bd2014d138651e54d4c7c5f1f66e8\" style=\"font-size:17px\">09:00 &#8211; 11:00 \u2013 poniedzia\u0142ek<br>13:00 &#8211; 15:00 &#8211;  wtorek<br>10:00 &#8211; 13:00 &#8211;  \u015broda <br>13:00 &#8211; 15:00  &#8211; czwartek<br>13:00 &#8211; 15:00 \u2013 pi\u0105tek<\/p>\n\n\n\n<p style=\"font-size:17px\"><strong>Adres e-mail:<\/strong><\/p>\n\n\n\n<p class=\"has-black-color has-text-color\" style=\"font-size:17px\"><a href=\"mailto:biuro@ppntarnow.pl\" target=\"_blank\" rel=\"noreferrer noopener\">biuro@ppntarnow.pl<\/a><\/p>\n","protected":false},"excerpt":{"rendered":"<p>Ma\u0142opolski Zwi\u0105zek Pi\u0142ki No\u017cnej Podokr\u0119g w Tarnowie ul. Szkotnik 2B33-100 Tarn\u00f3wNIP: 873-327-45-88REGON: 00118816400138 Rachunek bankowy:&nbsp;14 1240 1910 1111 0010 9713 4548 tylko wp\u0142aty na delegacje [&hellip;]<\/p>\n","protected":false},"author":2,"featured_media":0,"parent":0,"menu_order":0,"comment_status":"closed","ping_status":"closed","template":"","meta":{"_monsterinsights_skip_tracking":false,"_monsterinsights_sitenote_active":false,"_monsterinsights_sitenote_note":"","_monsterinsights_sitenote_category":0,"footnotes":""},"class_list":["post-19","page","type-page","status-publish","hentry"],"_links":{"self":[{"href":"https:\/\/ppntarnow.pl\/index.php\/wp-json\/wp\/v2\/pages\/19","targetHints":{"allow":["GET"]}}],"collection":[{"href":"https:\/\/ppntarnow.pl\/index.php\/wp-json\/wp\/v2\/pages"}],"about":[{"href":"https:\/\/ppntarnow.pl\/index.php\/wp-json\/wp\/v2\/types\/page"}],"author":[{"embeddable":true,"href":"https:\/\/ppntarnow.pl\/index.php\/wp-json\/wp\/v2\/users\/2"}],"replies":[{"embeddable":true,"href":"https:\/\/ppntarnow.pl\/index.php\/wp-json\/wp\/v2\/comments?post=19"}],"version-history":[{"count":15,"href":"https:\/\/ppntarnow.pl\/index.php\/wp-json\/wp\/v2\/pages\/19\/revisions"}],"predecessor-version":[{"id":3966,"href":"https:\/\/ppntarnow.pl\/index.php\/wp-json\/wp\/v2\/pages\/19\/revisions\/3966"}],"wp:attachment":[{"href":"https:\/\/ppntarnow.pl\/index.php\/wp-json\/wp\/v2\/media?parent=19"}],"curies":[{"name":"wp","href":"https:\/\/api.w.org\/{rel}","templated":true}]}}