{"id":2,"date":"2020-08-31T11:44:57","date_gmt":"2020-08-31T09:44:57","guid":{"rendered":"http:\/\/ppntarnow.pl\/?page_id=2"},"modified":"2025-07-23T14:18:58","modified_gmt":"2025-07-23T12:18:58","slug":"przykladowa-strona","status":"publish","type":"page","link":"https:\/\/ppntarnow.pl\/index.php\/przykladowa-strona\/","title":{"rendered":"W\u0141ADZE PPN TARN\u00d3W"},"content":{"rendered":"\n<p><strong>ZARZ\u0104D<\/strong><\/p>\n\n\n\n<p>Prezes &#8211; Artur G\u0142\u00f3wczyk<\/p>\n\n\n\n<p>Wiceprezes ds. organizacyjnych \u2013 Pawe\u0142 Holcman<\/p>\n\n\n\n<p>Wiceprezes ds. sportowych \u2013 Artur Koza<\/p>\n\n\n\n<p>Cz\u0142onek Zarz\u0105du \u2013 Rafa\u0142 Sys\u0142o<\/p>\n\n\n\n<p>Cz\u0142onek Zarz\u0105du \u2013 Pawe\u0142 Popiela<\/p>\n\n\n\n<p><\/p>\n\n\n\n<p><strong>KOMISJA GIER<\/strong><\/p>\n\n\n\n<p>Zbigniew Obru\u015bnik &#8211; przewodnicz\u0105cy<\/p>\n\n\n\n<p>Franciszek Strojny &#8211; cz\u0142onek<\/p>\n\n\n\n<p>Adrian Niemiec &#8211; sekretarz<\/p>\n\n\n\n<p><\/p>\n\n\n\n<p><strong>KOMISJA DYSCYPLINY<\/strong><\/p>\n\n\n\n<p>W\u0142adys\u0142aw Witek &#8211; przewodnicz\u0105cy<\/p>\n\n\n\n<p>Boles\u0142aw Dziedzina &#8211; cz\u0142onek<\/p>\n\n\n\n<p>Jan \u015awi\u0105tek &#8211; cz\u0142onek<\/p>\n\n\n\n<p>Jaros\u0142aw Wro\u0144ski &#8211; sekretarz<\/p>\n\n\n\n<p><\/p>\n\n\n\n<p><strong>KOMISJA S\u0118DZIOWSKA<\/strong><\/p>\n\n\n\n<p>Pawe\u0142 P\u0142oskonka &#8211; Przewodnicz\u0105cy<\/p>\n\n\n\n<p>Tomasz Pilarski &#8211; Wiceprzewodnicz\u0105cy ds. Obserwator\u00f3w i programu mentorskiego<\/p>\n\n\n\n<p>Daniel Bo\u0142oz \u2013 Referent ds. Szkolenia<\/p>\n\n\n\n<p>Sebastian Wi\u015bniowski \u2013 Referent ds. Rozwoju Organizacji<\/p>\n\n\n\n<p>Daniel Witek \u2013 Referent ds. Organizacyjnych<\/p>\n\n\n\n<p>Piotr Kuku\u0142ka \u2013 Referent ds. Obsady S\u0119dziowskiej<\/p>\n\n\n\n<p><\/p>\n","protected":false},"excerpt":{"rendered":"<p>ZARZ\u0104D Prezes &#8211; Artur G\u0142\u00f3wczyk Wiceprezes ds. organizacyjnych \u2013 Pawe\u0142 Holcman Wiceprezes ds. sportowych \u2013 Artur Koza Cz\u0142onek Zarz\u0105du \u2013 Rafa\u0142 Sys\u0142o Cz\u0142onek Zarz\u0105du \u2013 [&hellip;]<\/p>\n","protected":false},"author":1,"featured_media":0,"parent":0,"menu_order":0,"comment_status":"closed","ping_status":"closed","template":"","meta":{"_monsterinsights_skip_tracking":false,"_monsterinsights_sitenote_active":false,"_monsterinsights_sitenote_note":"","_monsterinsights_sitenote_category":0,"footnotes":""},"class_list":["post-2","page","type-page","status-publish","hentry"],"_links":{"self":[{"href":"https:\/\/ppntarnow.pl\/index.php\/wp-json\/wp\/v2\/pages\/2","targetHints":{"allow":["GET"]}}],"collection":[{"href":"https:\/\/ppntarnow.pl\/index.php\/wp-json\/wp\/v2\/pages"}],"about":[{"href":"https:\/\/ppntarnow.pl\/index.php\/wp-json\/wp\/v2\/types\/page"}],"author":[{"embeddable":true,"href":"https:\/\/ppntarnow.pl\/index.php\/wp-json\/wp\/v2\/users\/1"}],"replies":[{"embeddable":true,"href":"https:\/\/ppntarnow.pl\/index.php\/wp-json\/wp\/v2\/comments?post=2"}],"version-history":[{"count":16,"href":"https:\/\/ppntarnow.pl\/index.php\/wp-json\/wp\/v2\/pages\/2\/revisions"}],"predecessor-version":[{"id":3865,"href":"https:\/\/ppntarnow.pl\/index.php\/wp-json\/wp\/v2\/pages\/2\/revisions\/3865"}],"wp:attachment":[{"href":"https:\/\/ppntarnow.pl\/index.php\/wp-json\/wp\/v2\/media?parent=2"}],"curies":[{"name":"wp","href":"https:\/\/api.w.org\/{rel}","templated":true}]}}