{"id":48,"date":"2021-01-04T15:26:16","date_gmt":"2021-01-04T14:26:16","guid":{"rendered":"http:\/\/ppntarnow.pl\/?page_id=48"},"modified":"2026-03-14T11:13:21","modified_gmt":"2026-03-14T10:13:21","slug":"regulaminy","status":"publish","type":"page","link":"https:\/\/ppntarnow.pl\/index.php\/regulaminy\/","title":{"rendered":"REGULAMINY"},"content":{"rendered":"\n<h2 class=\"wp-block-heading has-text-align-center\"><strong>REGULAMINY:<\/strong><\/h2>\n\n\n\n<h3 class=\"wp-block-heading\"><strong>Rozgrywek:<\/strong><\/h3>\n\n\n\n<p class=\"has-black-color has-text-color\" style=\"font-size:17px\"><a href=\"https:\/\/ppntarnow.pl\/wp-content\/uploads\/2025\/08\/Regulamin_4-liga_2025-26-1.pdf\" target=\"_blank\" rel=\"noreferrer noopener\">Regulamin rozgrywek pi\u0142karskich o mistrzostwo IV ligi i&nbsp;ni\u017cszych klas MZPN na sezon 2025\/2026<\/a><\/p>\n\n\n\n<p class=\"has-black-color has-text-color\" style=\"font-size:17px\"><a href=\"https:\/\/ppntarnow.pl\/wp-content\/uploads\/2025\/08\/Regulamin_mlodziezowy_25_26.pdf\" target=\"_blank\" rel=\"noreferrer noopener\">Regulamin M\u0142odzie\u017cowych Rozgrywek Pi\u0142karskich Junior\u00f3w, Trampkarzy i M\u0142odzik\u00f3w MZPN na sezon 2025\/2026<\/a><\/p>\n\n\n\n<p class=\"has-black-color has-text-color\" style=\"font-size:17px\"><a href=\"https:\/\/ppntarnow.pl\/wp-content\/uploads\/2025\/08\/Regulamin_puchary_25_26_-1.pdf\" target=\"_blank\" rel=\"noreferrer noopener\">Regulamin rozgrywek o Puchar Polski na szczeblu MZPN na sezon 2025\/2026<\/a><\/p>\n\n\n\n<h3 class=\"wp-block-heading\" style=\"font-size:21px\"><strong>Aneksy do regulamin\u00f3w:<\/strong><\/h3>\n\n\n\n<p class=\"has-black-color has-text-color\" style=\"font-size:17px\"><a href=\"https:\/\/ppntarnow.pl\/wp-content\/uploads\/2025\/08\/Aneks-Senior-2025-26.pdf\" target=\"_blank\" rel=\"noreferrer noopener\">Aneks do Regulaminu Rozgrywek pi\u0142karskich o mistrzostwo IV ligi i ni\u017cszych klas senior\u00f3w na sezon 2025\/2026<\/a><\/p>\n\n\n\n<p class=\"has-black-color has-text-color\" style=\"font-size:17px\"><a href=\"https:\/\/ppntarnow.pl\/wp-content\/uploads\/2025\/08\/Aneks-Mlodziezowy-Jesien-2025.pdf\" target=\"_blank\" rel=\"noreferrer noopener\">Aneks do regulaminu m\u0142odzie\u017cowych rozgrywek pi\u0142karskich Junior\u00f3w, Trampkarzy i M\u0142odzik\u00f3w na sezon 2025\/2026 (Jesie\u0144 2025)<\/a><\/p>\n\n\n\n<p style=\"font-size:17px\"><a href=\"https:\/\/ppntarnow.pl\/wp-content\/uploads\/2026\/03\/ANEKS-do-Regulaminu-Rozgrywek-MZPN-PPN-Tarnow-RW-2026.pdf\" target=\"_blank\" rel=\"noreferrer noopener\">Aneks do regulaminu m\u0142odzie\u017cowych rozgrywek pi\u0142karskich Junior\u00f3w, Trampkarzy i M\u0142odzik\u00f3w na sezon 2025\/2026 (Runda Wiosenna 2026)<\/a><\/p>\n\n\n\n<h3 class=\"wp-block-heading\"><strong>Uchwa\u0142y:<\/strong><\/h3>\n\n\n\n<p class=\"has-black-color has-text-color\" style=\"font-size:17px\"><a href=\"http:\/\/ppntarnow.pl\/wp-content\/uploads\/2024\/03\/oplaty_2022-2023_23_24_db_2024.pdf\" target=\"_blank\" rel=\"noreferrer noopener\">Uchwa\u0142a Zarz\u0105du MZPN z dnia 5 lipca 2023 roku w sprawie wysoko\u015bci op\u0142at, kar pieni\u0119\u017cnych, rycza\u0142t\u00f3w transferowych, kaucji i op\u0142at licencyjnych (aktualizacja 11 marca 2024)<\/a><\/p>\n\n\n\n<p class=\"has-black-color has-text-color\" style=\"font-size:17px\"><a href=\"http:\/\/ppntarnow.pl\/wp-content\/uploads\/2021\/01\/uchwalaVI_94_2017.pdf\" target=\"_blank\" rel=\"noreferrer noopener\">Uchwa\u0142a z dnia 16 czerwca 2017 roku Zarz\u0105du PZPN w sprawie statusu zawodnik\u00f3w oraz zasad zmiany przynale\u017cno\u015bci klubowej<\/a><\/p>\n\n\n\n<p class=\"has-black-color has-text-color\" style=\"font-size:17px\"><a rel=\"noreferrer noopener\" href=\"http:\/\/ppntarnow.pl\/wp-content\/uploads\/2021\/01\/ekwiwalent_zmiana-1-5.pdf\" target=\"_blank\">Uchwa\u0142a z dnia 15 czerwca 2019 roku Zarz\u0105du PZPN w sprawie okre\u015blenia zasad ustalania ekwiwalentu za wyszkolenie zawodnik\u00f3w<\/a><\/p>\n\n\n\n<p class=\"has-black-color has-text-color\" style=\"font-size:17px\"><a href=\"http:\/\/ppntarnow.pl\/wp-content\/uploads\/2021\/03\/2019_07_12_Oplata_ryczaltowa.pdf\" target=\"_blank\" rel=\"noreferrer noopener\">Uchwa\u0142a z dnia 12 lipca 2019 roku Zarz\u0105du PZPN w sprawie op\u0142aty rycza\u0142towej dla klubu odst\u0119puj\u0105cego zawodnika (miedzy 24 &#8211; 28 rokiem \u017cycia)<\/a><\/p>\n\n\n\n<p class=\"has-black-color has-text-color\" style=\"font-size:17px\"><a href=\"http:\/\/ppntarnow.pl\/wp-content\/uploads\/2021\/01\/Uchwala-nr-IX.140-w-sprawie-organziacji-rozgrywek-w-pilke-nozna.pdf\" target=\"_blank\" rel=\"noreferrer noopener\">Uchwa\u0142a z dnia 3 i 7 lipca 2008 roku z p\u00f3\u017aniejszymi poprawkami Zarz\u0105du PZPN w sprawie organizacji rozgrywek pi\u0142ki no\u017cnej<\/a> <\/p>\n\n\n\n<p class=\"has-black-color has-text-color\" style=\"font-size:17px\"><a href=\"http:\/\/ppntarnow.pl\/wp-content\/uploads\/2021\/01\/Kalkulator-wymiaru-ekwiwalentu.xlsx\" target=\"_blank\" rel=\"noreferrer noopener\">Kalkulator wyliczania ekwiwalentu za wyszkolenie zawodnika wolnego<\/a><br><\/p>\n\n\n\n<h3 class=\"wp-block-heading\"><strong>Medale, Odznaki i Wyr\u00f3\u017cnienia MZPN PPN Tarn\u00f3w<\/strong><\/h3>\n\n\n\n<p class=\"has-black-color has-text-color\" style=\"font-size:17px\"><a href=\"https:\/\/ppntarnow.pl\/wp-content\/uploads\/2025\/12\/Regulamin-Przyznawania-przez-Zarzad-MZPN-PPN-Tarnow-odznak.pdf\" target=\"_blank\" rel=\"noreferrer noopener\">Regulamin Przyznawania Medalu Honorowego, Odznak i Wyr\u00f3\u017cnie\u0144<\/a><\/p>\n\n\n\n<p class=\"has-black-color has-text-color\" style=\"font-size:17px\"><a href=\"https:\/\/ppntarnow.pl\/wp-content\/uploads\/2025\/12\/ODZNAKA-ZLOTA.docx\" target=\"_blank\" rel=\"noreferrer noopener\">Wniosek o nadanie Z\u0142otej Odznaki<\/a><\/p>\n\n\n\n<p class=\"has-black-color has-text-color\" style=\"font-size:17px\"><a href=\"https:\/\/ppntarnow.pl\/wp-content\/uploads\/2025\/12\/ODZNAKA-SREBRNA.docx\" target=\"_blank\" rel=\"noreferrer noopener\">Wniosek o nadanie o Srebrnej Odznaki<\/a><\/p>\n\n\n\n<p class=\"has-black-color has-text-color\" style=\"font-size:17px\"><a href=\"https:\/\/ppntarnow.pl\/wp-content\/uploads\/2025\/12\/ODZNAKA-BRAZOWA.docx\" target=\"_blank\" rel=\"noreferrer noopener\">Wniosek o nadanie Br\u0105zowej Odznaki<\/a><\/p>\n\n\n\n<p><\/p>\n","protected":false},"excerpt":{"rendered":"<p>REGULAMINY: Rozgrywek: Regulamin rozgrywek pi\u0142karskich o mistrzostwo IV ligi i&nbsp;ni\u017cszych klas MZPN na sezon 2025\/2026 Regulamin M\u0142odzie\u017cowych Rozgrywek Pi\u0142karskich Junior\u00f3w, Trampkarzy i M\u0142odzik\u00f3w MZPN na [&hellip;]<\/p>\n","protected":false},"author":2,"featured_media":0,"parent":0,"menu_order":0,"comment_status":"closed","ping_status":"closed","template":"","meta":{"_monsterinsights_skip_tracking":false,"_monsterinsights_sitenote_active":false,"_monsterinsights_sitenote_note":"","_monsterinsights_sitenote_category":0,"footnotes":""},"class_list":["post-48","page","type-page","status-publish","hentry"],"_links":{"self":[{"href":"https:\/\/ppntarnow.pl\/index.php\/wp-json\/wp\/v2\/pages\/48","targetHints":{"allow":["GET"]}}],"collection":[{"href":"https:\/\/ppntarnow.pl\/index.php\/wp-json\/wp\/v2\/pages"}],"about":[{"href":"https:\/\/ppntarnow.pl\/index.php\/wp-json\/wp\/v2\/types\/page"}],"author":[{"embeddable":true,"href":"https:\/\/ppntarnow.pl\/index.php\/wp-json\/wp\/v2\/users\/2"}],"replies":[{"embeddable":true,"href":"https:\/\/ppntarnow.pl\/index.php\/wp-json\/wp\/v2\/comments?post=48"}],"version-history":[{"count":49,"href":"https:\/\/ppntarnow.pl\/index.php\/wp-json\/wp\/v2\/pages\/48\/revisions"}],"predecessor-version":[{"id":4388,"href":"https:\/\/ppntarnow.pl\/index.php\/wp-json\/wp\/v2\/pages\/48\/revisions\/4388"}],"wp:attachment":[{"href":"https:\/\/ppntarnow.pl\/index.php\/wp-json\/wp\/v2\/media?parent=48"}],"curies":[{"name":"wp","href":"https:\/\/api.w.org\/{rel}","templated":true}]}}