{"id":49,"date":"2021-01-04T15:26:16","date_gmt":"2021-01-04T14:26:16","guid":{"rendered":"http:\/\/ppntarnow.pl\/?page_id=49"},"modified":"2025-08-18T10:10:05","modified_gmt":"2025-08-18T08:10:05","slug":"wzory-drukow","status":"publish","type":"page","link":"https:\/\/ppntarnow.pl\/index.php\/wzory-drukow\/","title":{"rendered":"WZORY DRUK\u00d3W"},"content":{"rendered":"\n<h1 class=\"wp-block-heading has-text-align-center\">Dokumenty transferowe:<\/h1>\n\n\n\n<div class=\"wp-block-columns alignwide is-layout-flex wp-container-core-columns-is-layout-9d6595d7 wp-block-columns-is-layout-flex\">\n<div class=\"wp-block-column is-vertically-aligned-center is-layout-flow wp-block-column-is-layout-flow\">\n<h3 class=\"wp-block-heading has-text-align-center\">PDF<\/h3>\n\n\n\n<div class=\"wp-block-buttons is-content-justification-center is-layout-flex wp-container-core-buttons-is-layout-16018d1d wp-block-buttons-is-layout-flex\">\n<div class=\"wp-block-button is-style-fill\"><a class=\"wp-block-button__link has-regular-font-size has-custom-font-size wp-element-button\" href=\"http:\/\/ppntarnow.pl\/wp-content\/uploads\/2021\/01\/Wzor_umowy_transferowej.pdf\" target=\"_blank\" rel=\"noreferrer noopener\">Umowa transferowa<\/a><\/div>\n<\/div>\n\n\n\n<div class=\"wp-block-buttons is-content-justification-center is-layout-flex wp-container-core-buttons-is-layout-16018d1d wp-block-buttons-is-layout-flex\">\n<div class=\"wp-block-button\"><a class=\"wp-block-button__link wp-element-button\" href=\"http:\/\/ppntarnow.pl\/wp-content\/uploads\/2021\/01\/Aneks-do-umowy-transferowej.pdf\" target=\"_blank\" rel=\"noreferrer noopener\">Aneks do umowy transferowej<\/a><\/div>\n<\/div>\n\n\n\n<div class=\"wp-block-buttons is-content-justification-center is-layout-flex wp-container-core-buttons-is-layout-16018d1d wp-block-buttons-is-layout-flex\">\n<div class=\"wp-block-button\"><a class=\"wp-block-button__link wp-element-button\" href=\"http:\/\/ppntarnow.pl\/wp-content\/uploads\/2021\/01\/oswiadczenie_w_sprawie_zawodnika_wolnego.pdf\" target=\"_blank\" rel=\"noreferrer noopener\">O\u015bwiadczenie o zawodniku wolny<\/a><\/div>\n<\/div>\n\n\n\n<div class=\"wp-block-buttons is-content-justification-center is-layout-flex wp-container-core-buttons-is-layout-16018d1d wp-block-buttons-is-layout-flex\">\n<div class=\"wp-block-button\"><a class=\"wp-block-button__link wp-element-button\" href=\"http:\/\/ppntarnow.pl\/wp-content\/uploads\/2021\/01\/Oswiadczenie_12mcy.pdf\" target=\"_blank\" rel=\"noreferrer noopener\">O\u015bwiadczenie o karencji 12 miesi\u0119cznej zawodnika<\/a><\/div>\n<\/div>\n\n\n\n<div class=\"wp-block-buttons is-content-justification-center is-layout-flex wp-container-core-buttons-is-layout-16018d1d wp-block-buttons-is-layout-flex\">\n<div class=\"wp-block-button\"><a class=\"wp-block-button__link has-custom-font-size wp-element-button\" href=\"http:\/\/ppntarnow.pl\/wp-content\/uploads\/2021\/01\/wniosek_zawodnika_wygasniecie-umowy.pdf\" style=\"font-size:18px\" target=\"_blank\" rel=\"noreferrer noopener\">Wniosek zawodnika o wyga\u015bni\u0119cie DGA<\/a><\/div>\n<\/div>\n\n\n\n<div class=\"wp-block-buttons is-content-justification-center is-layout-flex wp-container-core-buttons-is-layout-16018d1d wp-block-buttons-is-layout-flex\">\n<div class=\"wp-block-button\"><a class=\"wp-block-button__link has-custom-font-size wp-element-button\" href=\"https:\/\/www.mzpnkrakow.pl\/wp-content\/uploads\/2025\/07\/deklaracja-MZPN-2025-2026.pdf\" style=\"font-size:18px\" target=\"_blank\" rel=\"noreferrer noopener\">Deklaracja gry amatora 2025\/2026<\/a><\/div>\n<\/div>\n\n\n\n<div class=\"wp-block-buttons is-content-justification-center is-layout-flex wp-container-core-buttons-is-layout-16018d1d wp-block-buttons-is-layout-flex\">\n<div class=\"wp-block-button\"><a class=\"wp-block-button__link has-custom-font-size wp-element-button\" href=\"http:\/\/ppntarnow.pl\/wp-content\/uploads\/2024\/03\/ROZWIAZANIE-DEKLARACJI-GRY-AMATORA-ZA-POROZUMIENIEM-STRON.pdf\" style=\"font-size:18px\" target=\"_blank\" rel=\"noreferrer noopener\">Rozwi\u0105zanie deklaracji gry amatora<\/a><\/div>\n<\/div>\n<\/div>\n\n\n\n<div class=\"wp-block-column is-layout-flow wp-block-column-is-layout-flow\">\n<h3 class=\"wp-block-heading has-text-align-center\">DOC (edytowalny)<\/h3>\n\n\n\n<div class=\"wp-block-buttons is-content-justification-center is-layout-flex wp-container-core-buttons-is-layout-16018d1d wp-block-buttons-is-layout-flex\">\n<div class=\"wp-block-button\"><a class=\"wp-block-button__link has-regular-font-size has-custom-font-size wp-element-button\" href=\"http:\/\/ppntarnow.pl\/wp-content\/uploads\/2021\/01\/Wzor_umowy_transferowej.docx\" target=\"_blank\" rel=\"noreferrer noopener\">Umowa transferowa<\/a><\/div>\n<\/div>\n\n\n\n<div class=\"wp-block-buttons is-content-justification-center is-layout-flex wp-container-core-buttons-is-layout-16018d1d wp-block-buttons-is-layout-flex\">\n<div class=\"wp-block-button\"><a class=\"wp-block-button__link wp-element-button\" href=\"http:\/\/ppntarnow.pl\/wp-content\/uploads\/2021\/01\/Aneks-do-umowy-transferowej.docx\" target=\"_blank\" rel=\"noreferrer noopener\">Aneks do umowy transferowej<\/a><\/div>\n<\/div>\n\n\n\n<div class=\"wp-block-buttons is-content-justification-center is-layout-flex wp-container-core-buttons-is-layout-16018d1d wp-block-buttons-is-layout-flex\">\n<div class=\"wp-block-button\"><a class=\"wp-block-button__link wp-element-button\" href=\"http:\/\/ppntarnow.pl\/wp-content\/uploads\/2021\/01\/oswiadczenie_w_sprawie_zawodnika_wolnego.doc\" target=\"_blank\" rel=\"noreferrer noopener\">O\u015bwiadczenie o zawodniku wolnym<\/a><\/div>\n<\/div>\n\n\n\n<div class=\"wp-block-buttons is-content-justification-center is-layout-flex wp-container-core-buttons-is-layout-16018d1d wp-block-buttons-is-layout-flex\">\n<div class=\"wp-block-button\"><a class=\"wp-block-button__link wp-element-button\" href=\"http:\/\/ppntarnow.pl\/wp-content\/uploads\/2021\/01\/Oswiadczenie_12mcy.docx\" target=\"_blank\" rel=\"noreferrer noopener\">O\u015bwiadczenie o karencji 12 miesi\u0119cznej zawodnika<\/a><\/div>\n<\/div>\n\n\n\n<div class=\"wp-block-buttons is-content-justification-center is-layout-flex wp-container-core-buttons-is-layout-16018d1d wp-block-buttons-is-layout-flex\">\n<div class=\"wp-block-button\"><a class=\"wp-block-button__link wp-element-button\" href=\"http:\/\/ppntarnow.pl\/wp-content\/uploads\/2021\/01\/wniosek_zawodnika_wygasniecie-umowy.doc\" target=\"_blank\" rel=\"noreferrer noopener\">Wniosek zawodnika o wyga\u015bni\u0119cie DGA<\/a><\/div>\n<\/div>\n\n\n\n<div class=\"wp-block-buttons is-content-justification-center is-layout-flex wp-container-core-buttons-is-layout-16018d1d wp-block-buttons-is-layout-flex\">\n<div class=\"wp-block-button\"><a class=\"wp-block-button__link has-custom-font-size wp-element-button\" href=\"https:\/\/www.mzpnkrakow.pl\/wp-content\/uploads\/2025\/07\/deklaracja-MZPN-2025-2026.pdf\" style=\"font-size:18px\" target=\"_blank\" rel=\"noreferrer noopener\">Deklaracja gry amatora 2025\/2026<\/a><\/div>\n<\/div>\n\n\n\n<div class=\"wp-block-buttons is-content-justification-center is-layout-flex wp-container-core-buttons-is-layout-16018d1d wp-block-buttons-is-layout-flex\">\n<div class=\"wp-block-button\"><a class=\"wp-block-button__link has-custom-font-size wp-element-button\" href=\"http:\/\/ppntarnow.pl\/wp-content\/uploads\/2024\/03\/ROZWIAZANIE-DEKLARACJI-GRY-AMATORA-ZA-POROZUMIENIEM-STRON.doc\" style=\"font-size:18px\" target=\"_blank\" rel=\"noreferrer noopener\">Rozwi\u0105zanie deklaracji gry amatora<\/a><\/div>\n<\/div>\n<\/div>\n<\/div>\n\n\n\n<h1 class=\"wp-block-heading has-text-align-center\">Rozgrywki:<\/h1>\n\n\n\n<div class=\"wp-block-columns alignwide is-layout-flex wp-container-core-columns-is-layout-9d6595d7 wp-block-columns-is-layout-flex\">\n<div class=\"wp-block-column is-layout-flow wp-block-column-is-layout-flow\">\n<h3 class=\"wp-block-heading has-text-align-center\">PDF<\/h3>\n\n\n\n<div class=\"wp-block-buttons is-content-justification-center is-layout-flex wp-container-core-buttons-is-layout-16018d1d wp-block-buttons-is-layout-flex\">\n<div class=\"wp-block-button\"><a class=\"wp-block-button__link wp-element-button\" href=\"https:\/\/www.mzpnkrakow.pl\/wp-content\/uploads\/2025\/07\/OSWIADCZENIE-KLUBU-NR-1.pdf\" target=\"_blank\" rel=\"noreferrer noopener\">O\u015bwiadczenie klubu 2025\/2026<\/a><\/div>\n<\/div>\n\n\n\n<div class=\"wp-block-buttons is-content-justification-center is-layout-flex wp-container-core-buttons-is-layout-16018d1d wp-block-buttons-is-layout-flex\">\n<div class=\"wp-block-button\"><a class=\"wp-block-button__link wp-element-button\" href=\"http:\/\/ppntarnow.pl\/wp-content\/uploads\/2022\/08\/zgoda_rodzicow.pdf\" target=\"_blank\" rel=\"noreferrer noopener\">Zgody rodzic\u00f3w<\/a><\/div>\n<\/div>\n\n\n\n<div class=\"wp-block-buttons is-content-justification-center is-layout-flex wp-container-core-buttons-is-layout-16018d1d wp-block-buttons-is-layout-flex\">\n<div class=\"wp-block-button\"><a class=\"wp-block-button__link wp-element-button\" href=\"http:\/\/ppntarnow.pl\/wp-content\/uploads\/2022\/08\/klauzula.pdf\" target=\"_blank\" rel=\"noreferrer noopener\">Klauzula informacyjna<\/a><\/div>\n<\/div>\n\n\n\n<div class=\"wp-block-buttons is-content-justification-center is-layout-flex wp-container-core-buttons-is-layout-16018d1d wp-block-buttons-is-layout-flex\">\n<div class=\"wp-block-button\"><a class=\"wp-block-button__link wp-element-button\" href=\"http:\/\/ppntarnow.pl\/wp-content\/uploads\/2023\/07\/oswiadczenie-zdrowie.pdf\" target=\"_blank\" rel=\"noreferrer noopener\">O\u015bwiadczenie o stanie zdrowia zawodnik\u00f3w po 23 roku \u017cycia <\/a><\/div>\n<\/div>\n<\/div>\n\n\n\n<div class=\"wp-block-column is-layout-flow wp-block-column-is-layout-flow\">\n<h3 class=\"wp-block-heading has-text-align-center\">DOC (edytowalny)<\/h3>\n\n\n\n<div class=\"wp-block-buttons is-content-justification-center is-layout-flex wp-container-core-buttons-is-layout-16018d1d wp-block-buttons-is-layout-flex\">\n<div class=\"wp-block-button\"><a class=\"wp-block-button__link wp-element-button\" href=\"https:\/\/www.mzpnkrakow.pl\/wp-content\/uploads\/2025\/07\/OSWIADCZENIE-KLUBU-NR-1.pdf\" target=\"_blank\" rel=\"noreferrer noopener\">O\u015bwiadczenie klubu 2025\/2026<\/a><\/div>\n<\/div>\n\n\n\n<div class=\"wp-block-buttons is-content-justification-center is-layout-flex wp-container-core-buttons-is-layout-16018d1d wp-block-buttons-is-layout-flex\">\n<div class=\"wp-block-button\"><a class=\"wp-block-button__link wp-element-button\" href=\"http:\/\/ppntarnow.pl\/wp-content\/uploads\/2022\/08\/zgoda-rodzicow.docx\" target=\"_blank\" rel=\"noreferrer noopener\">Zgody rodzic\u00f3w<\/a><\/div>\n<\/div>\n\n\n\n<div class=\"wp-block-buttons is-content-justification-center is-layout-flex wp-container-core-buttons-is-layout-16018d1d wp-block-buttons-is-layout-flex\">\n<div class=\"wp-block-button\"><a class=\"wp-block-button__link wp-element-button\" href=\"http:\/\/ppntarnow.pl\/wp-content\/uploads\/2022\/08\/klauzula.docx\" target=\"_blank\" rel=\"noreferrer noopener\">Klauzula informacyjna<\/a><\/div>\n<\/div>\n\n\n\n<div class=\"wp-block-buttons is-content-justification-center is-layout-flex wp-container-core-buttons-is-layout-16018d1d wp-block-buttons-is-layout-flex\">\n<div class=\"wp-block-button\"><a class=\"wp-block-button__link wp-element-button\" href=\"http:\/\/ppntarnow.pl\/wp-content\/uploads\/2023\/07\/oswiadczenie-zdrowie.docx\" target=\"_blank\" rel=\"noreferrer noopener\">O\u015bwiadczenie o stanie zdrowia zawodnik\u00f3w po 23 roku \u017cycia<\/a><\/div>\n<\/div>\n<\/div>\n<\/div>\n\n\n\n<div class=\"wp-block-columns alignwide is-layout-flex wp-container-core-columns-is-layout-9d6595d7 wp-block-columns-is-layout-flex\">\n<div class=\"wp-block-column is-layout-flow wp-block-column-is-layout-flow\">\n<div class=\"wp-block-buttons is-content-justification-center is-layout-flex wp-container-core-buttons-is-layout-16018d1d wp-block-buttons-is-layout-flex\">\n<div class=\"wp-block-button\"><a class=\"wp-block-button__link wp-element-button\" href=\"http:\/\/ppntarnow.pl\/wp-content\/uploads\/2022\/06\/zgloszenie_druzyn_do_rozgrywek.pdf\" target=\"_blank\" rel=\"noreferrer noopener\">Zg\u0142oszenie dru\u017cyny do rozgrywek<\/a><\/div>\n<\/div>\n\n\n\n<div class=\"wp-block-buttons is-content-justification-center is-layout-flex wp-container-core-buttons-is-layout-16018d1d wp-block-buttons-is-layout-flex\">\n<div class=\"wp-block-button\"><a class=\"wp-block-button__link wp-element-button\" href=\"http:\/\/ppntarnow.pl\/wp-content\/uploads\/2021\/01\/protokol_odbioru_boiska.pdf\" target=\"_blank\" rel=\"noreferrer noopener\">Protok\u00f3\u0142 odbioru boiska<\/a><\/div>\n<\/div>\n\n\n\n<div class=\"wp-block-buttons is-content-justification-center is-layout-flex wp-container-core-buttons-is-layout-16018d1d wp-block-buttons-is-layout-flex\">\n<div class=\"wp-block-button\"><a class=\"wp-block-button__link wp-element-button\" href=\"http:\/\/ppntarnow.pl\/wp-content\/uploads\/2022\/09\/nowe-sprawozdanie.pdf\" target=\"_blank\" rel=\"noreferrer noopener\">Sprawozdanie s\u0119dziowskie<\/a><\/div>\n<\/div>\n<\/div>\n\n\n\n<div class=\"wp-block-column is-layout-flow wp-block-column-is-layout-flow\">\n<div class=\"wp-block-buttons is-content-justification-center is-layout-flex wp-container-core-buttons-is-layout-16018d1d wp-block-buttons-is-layout-flex\">\n<div class=\"wp-block-button\"><a class=\"wp-block-button__link wp-element-button\" href=\"http:\/\/ppntarnow.pl\/wp-content\/uploads\/2022\/06\/zgloszenie_druzyn_do_rozgrywek.doc\" target=\"_blank\" rel=\"noreferrer noopener\">Zg\u0142oszenie dru\u017cyny do rozgrywek<\/a><\/div>\n<\/div>\n\n\n\n<div class=\"wp-block-buttons is-content-justification-center is-layout-flex wp-container-core-buttons-is-layout-16018d1d wp-block-buttons-is-layout-flex\">\n<div class=\"wp-block-button\"><a class=\"wp-block-button__link wp-element-button\" href=\"http:\/\/ppntarnow.pl\/wp-content\/uploads\/2021\/01\/protokol_odbioru_boiska.doc\" target=\"_blank\" rel=\"noreferrer noopener\">Protok\u00f3\u0142 odbioru boiska<\/a><\/div>\n<\/div>\n\n\n\n<div class=\"wp-block-buttons is-content-justification-center is-layout-flex wp-container-core-buttons-is-layout-16018d1d wp-block-buttons-is-layout-flex\">\n<div class=\"wp-block-button\"><a class=\"wp-block-button__link wp-element-button\" href=\"http:\/\/ppntarnow.pl\/wp-content\/uploads\/2022\/09\/nowe-sprawozdanie.docx\" target=\"_blank\" rel=\"noreferrer noopener\">Sprawozdanie s\u0119dziowskie<\/a><\/div>\n<\/div>\n<\/div>\n<\/div>\n\n\n\n<div class=\"wp-block-buttons is-content-justification-center is-layout-flex wp-container-core-buttons-is-layout-16018d1d wp-block-buttons-is-layout-flex\">\n<div class=\"wp-block-button\"><a class=\"wp-block-button__link wp-element-button\" href=\"http:\/\/ppntarnow.pl\/wp-content\/uploads\/2024\/07\/przepisy_gry_24_25.pdf\" target=\"_blank\" rel=\"noreferrer noopener\">Przepisy Gry w Pi\u0142k\u0119 No\u017cn\u0105 2024\/2025<\/a><\/div>\n<\/div>\n","protected":false},"excerpt":{"rendered":"<p>Dokumenty transferowe: PDF DOC (edytowalny) Rozgrywki: PDF DOC (edytowalny)<\/p>\n","protected":false},"author":2,"featured_media":0,"parent":0,"menu_order":0,"comment_status":"closed","ping_status":"closed","template":"","meta":{"_monsterinsights_skip_tracking":false,"_monsterinsights_sitenote_active":false,"_monsterinsights_sitenote_note":"","_monsterinsights_sitenote_category":0,"footnotes":""},"class_list":["post-49","page","type-page","status-publish","hentry"],"_links":{"self":[{"href":"https:\/\/ppntarnow.pl\/index.php\/wp-json\/wp\/v2\/pages\/49","targetHints":{"allow":["GET"]}}],"collection":[{"href":"https:\/\/ppntarnow.pl\/index.php\/wp-json\/wp\/v2\/pages"}],"about":[{"href":"https:\/\/ppntarnow.pl\/index.php\/wp-json\/wp\/v2\/types\/page"}],"author":[{"embeddable":true,"href":"https:\/\/ppntarnow.pl\/index.php\/wp-json\/wp\/v2\/users\/2"}],"replies":[{"embeddable":true,"href":"https:\/\/ppntarnow.pl\/index.php\/wp-json\/wp\/v2\/comments?post=49"}],"version-history":[{"count":36,"href":"https:\/\/ppntarnow.pl\/index.php\/wp-json\/wp\/v2\/pages\/49\/revisions"}],"predecessor-version":[{"id":3927,"href":"https:\/\/ppntarnow.pl\/index.php\/wp-json\/wp\/v2\/pages\/49\/revisions\/3927"}],"wp:attachment":[{"href":"https:\/\/ppntarnow.pl\/index.php\/wp-json\/wp\/v2\/media?parent=49"}],"curies":[{"name":"wp","href":"https:\/\/api.w.org\/{rel}","templated":true}]}}