{"id":51,"date":"2021-01-04T15:26:17","date_gmt":"2021-01-04T14:26:17","guid":{"rendered":"http:\/\/ppntarnow.pl\/?page_id=51"},"modified":"2025-03-11T13:49:26","modified_gmt":"2025-03-11T12:49:26","slug":"licencje-klubowe","status":"publish","type":"page","link":"https:\/\/ppntarnow.pl\/index.php\/licencje-klubowe\/","title":{"rendered":"LICENCJE KLUBOWE"},"content":{"rendered":"\n<p class=\"has-black-color has-text-color\" style=\"font-size:17px\">W zwi\u0105zku z now\u0105 edycj\u0105 przyznawania licencji klubom na sezony 2025\/2026 podaje si\u0119 terminy sk\u0142adania dokument\u00f3w (formularze, o\u015bwiadczenia, za\u0142\u0105czniki itp.).<\/p>\n\n\n\n<ul style=\"font-size:17px\" class=\"wp-block-list has-black-color has-text-color\">\n<li>14 kwietnia 2025 r. &#8211;\u00a0kluby IV ligi,<\/li>\n\n\n\n<li>30 maja 2025 r. kluby &#8211; V\u00a0ligi, i\u00a0klasy okr\u0119gowej<\/li>\n\n\n\n<li>15 czerwca 2025 r. &#8211;\u00a0kluby Klasy A, B\u00a0oraz samodzielne kluby m\u0142odzie\u017cowe<\/li>\n<\/ul>\n\n\n\n<p class=\"has-black-color has-text-color\" style=\"font-size:17px\">Kluby IV ligi po spe\u0142nieniu przepis\u00f3w licencyjnych otrzymuj\u0105 licencj\u0119 na jeden sezon rozgrywkowy, a&nbsp;kluby V&nbsp;ligi i ni\u017cszych klas na dwa sezony.<\/p>\n\n\n\n<p class=\"has-black-color has-text-color\" style=\"font-size:17px\">Kluby, kt\u00f3re uzyska\u0142y awans z\u00a0klasy ni\u017cszej do wy\u017cszej sk\u0142adaj\u0105 wnioski licencyjne nie p\u00f3\u017aniej ni\u017c 5\u00a0dni po zako\u0144czeniu rozgrywek w\u0142a\u015bciwej ligi lub klasy.<br>Powy\u017csze kluby po spe\u0142nieniu kryteri\u00f3w licencyjnych otrzymuj\u0105 licencj\u0119 na dwa sezony rozgrywkowe 2025\/2026\/2027.<\/p>\n\n\n\n<p class=\"has-black-color has-text-color\" style=\"font-size:17px\"><strong>Kluby IV ligi &nbsp;<\/strong>przesy\u0142aj\u0105 dokumenty poczt\u0105 do Ma\u0142opolskiego Zwi\u0105zku Pi\u0142ki No\u017cnej (ul. Solskiego 1, 31-216 Krak\u00f3w) z&nbsp;dopiskiem \u201eLicencje klubowe\u201d.<\/p>\n\n\n\n<p class=\"has-black-color has-text-color\" style=\"font-size:17px\"><span style=\"text-decoration: underline;\"><strong>Kluby V ligi, klasy okr\u0119gowej, klasy A, klasy B&nbsp; sk\u0142adaj\u0105 wnioski w&nbsp;macierzystych Podokr\u0119gach.<\/strong><\/span><\/p>\n\n\n\n<p class=\"has-black-color has-text-color\" style=\"font-size:17px\">Wysoko\u015b\u0107 op\u0142at administracyjnych za licencj\u0119 klubow\u0105:<br>1) dla klub\u00f3w IV ligi \u2013 500 z\u0142<br>2) dla klub\u00f3w V&nbsp;ligi \u2013 400 z\u0142<br>3) dla klub\u00f3w klasy okr\u0119gowej \u2013 350 z\u0142<br>4) dla klub\u00f3w klasy A, B&nbsp;\u2013 300 z\u0142<br>5) dla samodzielnych klub\u00f3w m\u0142odzie\u017cowych \u2013 150 z\u0142<\/p>\n\n\n\n<p class=\"has-black-color has-text-color\" style=\"font-size:17px\">UCHWA\u0141Y licencyjne PZPN:<\/p>\n\n\n\n<p class=\"has-black-color has-text-color\" style=\"font-size:17px\">1. Uchwa\u0142a Zarz\u0105du Polskiego Zwi\u0105zku Pi\u0142ki No\u017cnej w&nbsp;sprawie przyj\u0119cia &#8222;Przepis\u00f3w licencyjnych dla klub\u00f3w IV ligi i&nbsp;klas ni\u017cszych na sezon 2020\/2021 i&nbsp;nast\u0119pne&#8221;<\/p>\n\n\n\n<div class=\"wp-block-buttons is-content-justification-center is-layout-flex wp-container-core-buttons-is-layout-16018d1d wp-block-buttons-is-layout-flex\">\n<div class=\"wp-block-button has-custom-font-size\" style=\"font-size:17px\"><a class=\"wp-block-button__link wp-element-button\" href=\"http:\/\/ppntarnow.pl\/wp-content\/uploads\/2021\/05\/licencje_2020-21.pdf\" target=\"_blank\" rel=\"noreferrer noopener\">PRZEPISY LICENCYJNE<\/a><\/div>\n<\/div>\n\n\n\n<div class=\"wp-block-buttons is-content-justification-center is-layout-flex wp-container-core-buttons-is-layout-16018d1d wp-block-buttons-is-layout-flex\">\n<div class=\"wp-block-button has-custom-font-size\" style=\"font-size:17px\"><a class=\"wp-block-button__link wp-element-button\" href=\"https:\/\/ppntarnow.pl\/wp-content\/uploads\/2025\/03\/licencje_zmiany_zalacznik1_2025.doc\">ZA\u0141\u0104CZNIK DO PRZEPIS\u00d3W LICENCYJNYCH<\/a><\/div>\n<\/div>\n\n\n\n<p class=\"has-text-align-center has-black-color has-text-color\" style=\"font-size:19px\"><span style=\"text-decoration: underline;\"><strong>Do<\/strong><\/span><strong><span style=\"text-decoration: underline;\">kumenty kt\u00f3re nale\u017cy wype\u0142ni\u0107:<\/span><\/strong><\/p>\n\n\n\n<div class=\"wp-block-buttons is-content-justification-center is-layout-flex wp-container-core-buttons-is-layout-16018d1d wp-block-buttons-is-layout-flex\">\n<div class=\"wp-block-button has-custom-font-size\" style=\"font-size:18px\"><a class=\"wp-block-button__link wp-element-button\" href=\"http:\/\/ppntarnow.pl\/wp-content\/uploads\/2023\/06\/licencja_zalaczniki.docx\" target=\"_blank\" rel=\"noreferrer noopener\">DOKUMENTY LICENCYJNE<\/a><\/div>\n<\/div>\n\n\n\n<p class=\"has-black-color has-text-color\" style=\"font-size:17px\">&nbsp;2. Uchwa\u0142a nr 1\/Z\/2015 z&nbsp;dnia 25 marca 2015 roku Zarz\u0105du Ma\u0142opolskiego Zwi\u0105zku Pi\u0142ki No\u017cnej<\/p>\n\n\n\n<div class=\"wp-block-buttons is-content-justification-center is-layout-flex wp-container-core-buttons-is-layout-16018d1d wp-block-buttons-is-layout-flex\">\n<div class=\"wp-block-button has-custom-font-size\" style=\"font-size:17px\"><a class=\"wp-block-button__link wp-element-button\" href=\"https:\/\/ppntarnow.pl\/wp-content\/uploads\/2025\/03\/zalaczniki_druz_mlodz-_25_26_27.doc\">DOKUMENTY LICENCYJNE SAMODZIELNE DRU\u017bNY M\u0141ODZIE\u017bOWE<\/a><\/div>\n<\/div>\n\n\n\n<p class=\"has-black-color has-text-color\" style=\"font-size:17px\"><span style=\"text-decoration: underline;\">SK\u0141AD KOMISJI ds. Licencji Klubowych Ma\u0142opolskiego Zwi\u0105zku Pi\u0142ki No\u017cnej<\/span><\/p>\n\n\n\n<p class=\"has-black-color has-text-color\" style=\"font-size:17px\">Przewodnicz\u0105cy: Jan Popio\u0142ek, tel: +48 501 770 805<br>Sekretarz: Joanna \u015aciepura, tel.: +48 510 079 703<\/p>\n\n\n\n<p class=\"has-black-color has-text-color\" style=\"font-size:17px\"><span style=\"text-decoration: underline;\">Cz\u0142onkowie Komisji Licencyjnej odpowiedzialni za poszczeg\u00f3lne Podokr\u0119gi:<\/span><\/p>\n\n\n\n<p class=\"has-black-color has-text-color\" style=\"font-size:17px\">Adrian Niemiec, tel. +48 660 756 419 &#8211; kluby z terenu PPN Tarn\u00f3w, wszystkie klasy rozgrywkowe oraz samodzielne kluby m\u0142odzie\u017cowe z PPN Tarn\u00f3w<\/p>\n","protected":false},"excerpt":{"rendered":"<p>W zwi\u0105zku z now\u0105 edycj\u0105 przyznawania licencji klubom na sezony 2025\/2026 podaje si\u0119 terminy sk\u0142adania dokument\u00f3w (formularze, o\u015bwiadczenia, za\u0142\u0105czniki itp.). Kluby IV ligi po spe\u0142nieniu [&hellip;]<\/p>\n","protected":false},"author":2,"featured_media":0,"parent":0,"menu_order":0,"comment_status":"closed","ping_status":"closed","template":"","meta":{"_monsterinsights_skip_tracking":false,"_monsterinsights_sitenote_active":false,"_monsterinsights_sitenote_note":"","_monsterinsights_sitenote_category":0,"footnotes":""},"class_list":["post-51","page","type-page","status-publish","hentry"],"_links":{"self":[{"href":"https:\/\/ppntarnow.pl\/index.php\/wp-json\/wp\/v2\/pages\/51","targetHints":{"allow":["GET"]}}],"collection":[{"href":"https:\/\/ppntarnow.pl\/index.php\/wp-json\/wp\/v2\/pages"}],"about":[{"href":"https:\/\/ppntarnow.pl\/index.php\/wp-json\/wp\/v2\/types\/page"}],"author":[{"embeddable":true,"href":"https:\/\/ppntarnow.pl\/index.php\/wp-json\/wp\/v2\/users\/2"}],"replies":[{"embeddable":true,"href":"https:\/\/ppntarnow.pl\/index.php\/wp-json\/wp\/v2\/comments?post=51"}],"version-history":[{"count":17,"href":"https:\/\/ppntarnow.pl\/index.php\/wp-json\/wp\/v2\/pages\/51\/revisions"}],"predecessor-version":[{"id":3612,"href":"https:\/\/ppntarnow.pl\/index.php\/wp-json\/wp\/v2\/pages\/51\/revisions\/3612"}],"wp:attachment":[{"href":"https:\/\/ppntarnow.pl\/index.php\/wp-json\/wp\/v2\/media?parent=51"}],"curies":[{"name":"wp","href":"https:\/\/api.w.org\/{rel}","templated":true}]}}